{"id":112,"date":"2019-11-26T12:23:14","date_gmt":"2019-11-26T12:23:14","guid":{"rendered":"https:\/\/demosites.io\/blogger-gb\/?page_id=7"},"modified":"2025-01-16T11:54:48","modified_gmt":"2025-01-16T11:54:48","slug":"582c1-blogger-gb-contact","status":"publish","type":"page","link":"https:\/\/kyopoimages.de\/?page_id=112","title":{"rendered":"Contact"},"content":{"rendered":"\n<div id=\"wp-block-themeisle-blocks-advanced-columns-eace65bb\" class=\"wp-block-themeisle-blocks-advanced-columns alignfull has-2-columns has-desktop-equal-layout has-tablet-equal-layout has-mobile-collapsedRows-layout has-vertical-unset ticss-caf6e84b\"><div class=\"wp-block-themeisle-blocks-advanced-columns-overlay\"><\/div><div class=\"innerblocks-wrap\">\n<div id=\"wp-block-themeisle-blocks-advanced-column-54cebeb3\" class=\"wp-block-themeisle-blocks-advanced-column\">\n<p id=\"wp-block-themeisle-blocks-advanced-heading-b857909f\" class=\"wp-block-themeisle-blocks-advanced-heading wp-block-themeisle-blocks-advanced-heading-b857909f\"><\/p>\n\n\n\n<h2 class=\"wp-block-heading\">Connect &#8230;<\/h2>\n<\/div>\n\n\n\n<div id=\"wp-block-themeisle-blocks-advanced-column-12b83180\" class=\"wp-block-themeisle-blocks-advanced-column ticss-5418d6a3\">\n<p id=\"wp-block-themeisle-blocks-advanced-heading-dfeacf54\" class=\"wp-block-themeisle-blocks-advanced-heading wp-block-themeisle-blocks-advanced-heading-dfeacf54\"><strong>Direct message<\/strong><\/p>\n\n\n\n<h2 class=\"wp-block-heading\">Send a message<\/h2>\n\n\n\n<div id=\"wp-block-themeisle-blocks-form-dd666c78\" class=\"wp-block-themeisle-blocks-form\" data-option-name=\"bf9b28ff82ce323187abc5d0feb0d8f07ecd8436_dd666c78\"><form class=\"otter-form__container\">\n<div id=\"wp-block-themeisle-blocks-form-input-bf164fb5\" class=\"wp-block-themeisle-blocks-form-input\"><label for=\"wp-block-themeisle-blocks-form-input-bf164fb5-input\" class=\"otter-form-input-label\"><span class=\"otter-form-input-label__label\">Name<\/span><span class=\"required\">*<\/span><\/label><input type=\"text\" id=\"wp-block-themeisle-blocks-form-input-bf164fb5-input\" required class=\"otter-form-input\"\/><\/div>\n\n\n\n<div id=\"wp-block-themeisle-blocks-form-input-303c133a\" class=\"wp-block-themeisle-blocks-form-input\"><label for=\"wp-block-themeisle-blocks-form-input-303c133a-input\" class=\"otter-form-input-label\"><span class=\"otter-form-input-label__label\">Email<\/span><span class=\"required\">*<\/span><\/label><input type=\"email\" id=\"wp-block-themeisle-blocks-form-input-303c133a-input\" required class=\"otter-form-input\"\/><\/div>\n\n\n\n<div id=\"wp-block-themeisle-blocks-form-textarea-68e8eed5\" class=\"wp-block-themeisle-blocks-form-textarea\"><label for=\"wp-block-themeisle-blocks-form-textarea-68e8eed5-input\" class=\"otter-form-textarea-label\"><span class=\"otter-form-textarea-label__label\">Comment or Message<\/span><\/label><textarea id=\"wp-block-themeisle-blocks-form-textarea-68e8eed5-input\" rows=\"10\" class=\"otter-form-textarea-input\"><\/textarea><\/div>\n\n\n<div class=\"protection\" aria-hidden=\"true\"><input type=\"hidden\" id=\"wp-block-themeisle-blocks-form-dd666c78_nonce_field\" name=\"wp-block-themeisle-blocks-form-dd666c78_nonce_field\" value=\"f2472eda1c\" \/><input type=\"hidden\" name=\"_wp_http_referer\" value=\"\/index.php?rest_route=%2Fwp%2Fv2%2Fpages%2F112\" \/><input class=\"o-anti-bot\" type=\"checkbox\"><\/div><div class=\"wp-block-button\"><button class=\"wp-block-button__link\" type=\"submit\">Submit<\/button><\/div><\/form><\/div>\n<\/div>\n<\/div><\/div>\n\n\n\n<p>Verantwortlich f\u00fcr den Inhalt nach \u00a7 55 Abs. 2 RStV:&nbsp;<br><br>Young-Soo Chang<br>Freiberuflicher Filmemacher\/Kameramann<br>Gysenbergstr. 25<br>44627 Herne<\/p>\n\n\n\n<p>mail@kyopoimages.de<br>Ust ID: DE216165181<br><\/p>\n\n\n\n<p><u>Disclaimer &#8211; rechtliche Hinweise<\/u><\/p>\n\n\n\n<p>Auskunfts- und Widerrufsrecht<\/p>\n\n\n\n<p>Sie haben jederzeit das Recht, sich unentgeltlich und unverz\u00fcglich \u00fcber die zu Ihrer Person erhobenen Daten zu erkundigen. Ebenfalls k\u00f6nnen Sie Ihre Zustimmung zur Verwendung Ihrer angegebenen pers\u00f6nlichen Daten mit Wirkung f\u00fcr die Zukunft widerrufen. Hierf\u00fcr wenden Sie sich bitte an den im Impressum angegebenen Diensteanbieter.<\/p>\n\n\n\n<p>Datenschutz (allgemein)<\/p>\n\n\n\n<p>Beim Zugriff auf unsere Webseite werden automatisch allgemeine Informationen (sog. Server-Logfiles) erfasst. Diese beinhalten u.a. den von Ihnen verwendeten Webbrowser sowie Ihr Betriebssystem und Ihren Internet Service Provider. Diese Daten lassen keinerlei R\u00fcckschl\u00fcsse auf Ihre Person zu und werden von uns statistisch ausgewertet, um unseren Internetauftritt technisch und inhaltlich zu verbessern. Das Erfassen dieser Informationen ist notwendig, um den Inhalt der Webseite korrekt ausliefern zu k\u00f6nnen.<\/p>\n\n\n\n<p>Die Nutzung der Webseite ist grunds\u00e4tzlich ohne Angabe personenbezogener Daten m\u00f6glich. Soweit personenbezogene Daten (beispielsweise Name, Anschrift oder E-Mail-Adressen) erhoben werden, erfolgt dies, soweit m\u00f6glich, stets auf freiwilliger Basis. Diese Daten werden ohne Ihre ausdr\u00fcckliche Zustimmung nicht an Dritte weitergegeben.<\/p>\n\n\n\n<p>Sofern ein Vertragsverh\u00e4ltnis begr\u00fcndet, inhaltlich ausgestaltet oder ge\u00e4ndert werden soll oder Sie an uns eine Anfrage stellen, erheben und verwenden wir personenbezogene Daten von Ihnen, soweit dies zu diesem Zwecke erforderlich ist (Bestandsdaten). Wir erheben, verarbeiten und nutzen personenbezogene Daten soweit dies erforderlich ist, um Ihnen die Inanspruchnahme des Webangebots zu erm\u00f6glichen (Nutzungsdaten). S\u00e4mtliche personenbezogenen Daten werden nur solange gespeichert wie dies f\u00fcr den genannten Zweck (Bearbeitung Ihrer Anfrage oder Abwicklung eines Vertrags) erforderlich ist. Hierbei werden steuer- und handelsrechtliche Aufbewahrungsfristen von uns ber\u00fccksichtigt. Auf Anordnung der zust\u00e4ndigen Stellen m\u00fcssen wir im Einzelfall Auskunft \u00fcber diese Daten (Bestandsdaten) erteilen, soweit dies f\u00fcr Zwecke der Strafverfolgung, zur Gefahrenabwehr, zur Erf\u00fcllung der gesetzlichen Aufgaben der Verfassungsschutzbeh\u00f6rden oder des Milit\u00e4rischen Abschirmdienstes oder zur Durchsetzung der Rechte am geistigen Eigentum erforderlich ist.<\/p>\n\n\n\n<p>Wir weisen ausdr\u00fccklich darauf hin, dass die Daten\u00fcbertragung im Internet (z. B. bei der Kommunikation per E-Mail) Sicherheitsl\u00fccken aufweisen kann. Vor dem Zugriff auf Daten kann nicht l\u00fcckenlos gesch\u00fctzt werden.<\/p>\n\n\n\n<p>Die Nutzung von im Rahmen der Impressumspflicht ver\u00f6ffentlichten Kontaktdaten durch Dritte zur \u00dcbersendung von nicht ausdr\u00fccklich angeforderter Werbung und Informationsmaterialien wird hiermit ausdr\u00fccklich untersagt. Ausgenommen hiervon sind bestehende Gesch\u00e4ftsbeziehungen bzw. es liegt Ihnen eine entsprechende Einwilligung von uns vor.<\/p>\n\n\n\n<p>Die Anbieter und alle auf dieser Website genannten Dritten behalten sich ausdr\u00fccklich rechtliche Schritte im Falle der unverlangten Zusendung von Werbeinformationen vor. Gleiches gilt f\u00fcr die kommerzielle Verwendung und Weitergabe der Daten.<\/p>\n\n\n\n<p>Google Analytics<\/p>\n\n\n\n<p>Diese Website benutzt Google Analytics, einen Webanalysedienst der Google Inc. (&#8220;Google&#8221;), 1600 Amphitheatre Parkway, Mountain View, CA 94043, USA. Google Analytics verwendet sog. &#8220;Cookies&#8221; (Textdateien), die auf Ihrem Computer gespeichert werden und die eine Analyse der Benutzung der Website durch Sie erm\u00f6glichen. Die durch das Cookie erzeugten Informationen \u00fcber Ihre Benutzung dieser Website werden in der Regel an einen Server von Google in den USA \u00fcbertragen und dort gespeichert. Im Falle der Aktivierung der IP-Anonymisierung auf dieser Website, wird Ihre IP-Adresse von Google jedoch innerhalb von Mitgliedstaaten der Europ\u00e4ischen Union oder in anderen Vertragsstaaten des Abkommens \u00fcber den Europ\u00e4ischen Wirtschaftsraum zuvor gek\u00fcrzt. Nur in Ausnahmef\u00e4llen wird die vollst\u00e4ndige IP-Adresse an einen Server von Google in den USA \u00fcbertragen und dort anonymisiert. Im Auftrag des Betreibers dieser Website wird Google diese Informationen benutzen, um Ihre Nutzung der Website auszuwerten, um Reports \u00fcber die Websiteaktivit\u00e4ten zusammenzustellen und um weitere mit der Websitenutzung und der Internetnutzung verbundene Dienstleistungen gegen\u00fcber dem Websitebetreiber zu erbringen. Die im Rahmen von Google Analytics von Ihrem Browser \u00fcbermittelte IP-Adresse wird nicht mit anderen Daten von Google zusammengef\u00fchrt.<\/p>\n\n\n\n<p>Sie k\u00f6nnen die Speicherung der Cookies durch eine entsprechende Einstellung Ihrer Browser-Software verhindern; wir weisen Sie jedoch darauf hin, dass Sie in diesem Fall gegebenenfalls nicht s\u00e4mtliche Funktionen dieser Website vollumf\u00e4nglich nutzen k\u00f6nnen. Sie k\u00f6nnen dar\u00fcber hinaus die Erfassung der durch das Cookie erzeugten und auf Ihre Nutzung der Website bezogenen Daten (inkl. Ihrer IP-Adresse) an Google sowie die Verarbeitung dieser Daten durch Google verhindern, indem sie das unter dem folgenden Link verf\u00fcgbare Browser-Add-on herunterladen und installieren: http:\/\/tools.google.com\/dlpage\/gaoptout?hl=de. Das Browser-Add-on zur Deaktivierung von Google Analytics ist mit Chrome, Internet Explorer 8 bis 11, Safari, Firefox und Opera kompatibel.<\/p>\n\n\n\n<p>Weitere Informationen zu Nutzungsbedingungen und Datenschutz finden Sie unter folgenden Links: http:\/\/www.google.com\/analytics\/terms\/de.html und https:\/\/www.google.de\/intl\/de\/policies\/.<\/p>\n\n\n\n<p><u>Disclaimer (Haftungsausschluss)<\/u><\/p>\n\n\n\n<p>1. Haftung f\u00fcr Inhalte<\/p>\n\n\n\n<p>Als Diensteanbieter sind wir gem\u00e4\u00df \u00a7 7 Abs. 1 TMG f\u00fcr eigene Inhalte auf diesen Seiten nach den allgemeinen Gesetzen verantwortlich. Nach \u00a7\u00a7 8 bis 10 TMG sind wir als Diensteanbieter jedoch nicht verpflichtet, \u00fcbermittelte oder gespeicherte fremde Informationen zu \u00fcberwachen oder nach Umst\u00e4nden zu forschen, die auf eine rechtswidrige T\u00e4tigkeit hinweisen. Verpflichtungen zur Entfernung oder Sperrung der Nutzung von Informationen nach den allgemeinen Gesetzen bleiben hiervon unber\u00fchrt. Eine diesbez\u00fcgliche Haftung ist jedoch erst ab dem Zeitpunkt der Kenntnis einer konkreten Rechtsverletzung m\u00f6glich. Bei Bekanntwerden von entsprechenden Rechtsverletzungen werden wir diese Inhalte umgehend entfernen.<\/p>\n\n\n\n<p>2. Haftung f\u00fcr Links<\/p>\n\n\n\n<p>Diese Website enth\u00e4lt Links zu externen Webseiten Dritter, auf deren Inhalte kein Einfluss genommen werden kann. Deshalb kann f\u00fcr diese fremden Inhalte auch keine Gew\u00e4hr \u00fcbernommen werden. F\u00fcr die Inhalte der verlinkten Seiten ist stets der jeweilige Anbieter oder Betreiber der Seiten verantwortlich. Die verlinkten Seiten wurden zum Zeitpunkt der Verlinkung auf m\u00f6gliche Rechtsverst\u00f6\u00dfe \u00fcberpr\u00fcft. Rechtswidrige Inhalte waren zum Zeitpunkt der Verlinkung nicht erkennbar. Eine permanente inhaltliche Kontrolle der verlinkten Seiten ist jedoch ohne konkrete Anhaltspunkte einer Rechtsverletzung nicht zumutbar. Bei Bekanntwerden von Rechtsverletzungen werden derartige Links umgehend von dieser Website auf die rechtsverletzende Site entfernen.<\/p>\n\n\n\n<p>3. Urheberrecht<\/p>\n\n\n\n<p>Die durch die Diensteanbieter, deren Mitarbeiter und beauftragte Dritte erstellten Inhalte und Werke auf diesen Seiten unterliegen dem deutschen Urheberrecht. Die Vervielf\u00e4ltigung, Bearbeitung, Verbreitung und jede Art der Verwertung au\u00dferhalb der Grenzen des Urheberrechtes bed\u00fcrfen der vorherigen schriftlichen Zustimmung des jeweiligen Autors bzw. Erstellers. Downloads und Kopien dieser Seite sind nur f\u00fcr den privaten, nicht kommerziellen Gebrauch gestattet. Soweit die Inhalte auf dieser Seite nicht vom Betreiber erstellt wurden, werden die Urheberrechte Dritter beachtet. Insbesondere werden Inhalte Dritter als solche gekennzeichnet. Sollten Sie trotzdem auf eine Urheberrechtsverletzung aufmerksam werden, bitten wir um einen entsprechenden Hinweis. Bei Bekanntwerden von Rechtsverletzungen werden derartige Inhalte umgehend entfernen.<\/p>\n\n\n\n<p>+ + + + + + + + + + + + + + + + + + + + + + + + + + + + + + + + + + + + + + + + + + + + + + + + + + + + + + + + + + + + + + + + + + + + + + + + + + + + + + +&nbsp;<\/p>\n\n\n\n<p>Disclaimer &#8211; legal information<br><br><br>Right of information and revocation<br><br>You have the right at any time to inquire free of charge and without delay about the personal data we have collected about you. You can also revoke your consent to the use of your personal data with effect for the future. To do so, please contact the service provider indicated in the imprint.<br><br>Data protection (general)<br><br>When you access our website, general information (so-called server log files) is automatically collected. This includes the web browser you use, your operating system and your internet service provider. This data does not allow any conclusions to be drawn about your person and is statistically evaluated by us in order to improve our website technically and in terms of content. The collection of this information is necessary in order to be able to deliver the content of the website correctly.<br><br>The use of the website is generally possible without providing personal data. Insofar as personal data (e.g. name, address or e-mail addresses) is collected, this is always done on a voluntary basis as far as possible. This data will not be passed on to third parties without your express consent.<br><br>If a contractual relationship is to be established, the content of which is to be developed or changed, or if you send us an enquiry, we collect and use personal data from you insofar as this is necessary for this purpose (inventory data). We collect, process and use personal data to the extent necessary to enable you to use the website (usage data). All personal data is only stored for as long as is necessary for the stated purpose (processing your enquiry or handling a contract). In doing so, we take into account retention periods under tax and commercial law. By order of the competent authorities, we must provide information about this data (inventory data) in individual cases, insofar as this is necessary for the purposes of criminal prosecution, to avert danger, to fulfil the legal tasks of the constitution protection authorities or the Military Counter-Intelligence Service or to enforce intellectual property rights.<br><br>We expressly point out that data transmission on the Internet (e.g. communication by e-mail) can have security gaps. It is not possible to provide complete protection against access to data.<br><br>The use of contact data published within the framework of the imprint obligation by third parties for the purpose of sending advertising and information material not expressly requested is hereby expressly prohibited. Excepted from this are existing business relationships or if we have given our consent to do so.<br><br>The providers and all third parties mentioned on this website expressly reserve the right to take legal action in the event of the unsolicited sending of advertising information. The same applies to the commercial use and forwarding of data.<br><br>Google Analytics<\/p>\n\n\n\n<p>You may refuse the use of cookies by selecting the appropriate settings on your browser, however please note that if you do this you may not be able to use the full functionality of this website. You can also prevent the collection of data generated by the cookie and related to your use of the website (including your IP address) by Google and the processing of this data by Google by downloading and installing the browser add-on available at the following link: http:\/\/tools.google.com\/dlpage\/gaoptout?hl=de. The browser add-on to deactivate Google Analytics is compatible with Chrome, Internet Explorer 8 to 11, Safari, Firefox and Opera.<br><br>Further information on terms of use and data protection can be found at the following links: http:\/\/www.google.com\/analytics\/terms\/de.html and https:\/\/www.google.de\/intl\/de\/policies\/.<\/p>\n\n\n\n<p>This website uses Google Analytics, a web analytics service provided by Google Inc (&#8220;Google&#8221;), 1600 Amphitheatre Parkway, Mountain View, CA 94043, USA. Google Analytics uses so-called &#8220;cookies&#8221; (text files), which are stored on your computer and which enable an analysis of your use of the website. The information generated by the cookie about your use of the website will be transmitted to and stored by Google on servers in the United States. In the event that IP anonymisation is activated on this website, however, your IP address will be truncated beforehand by Google within member states of the European Union or in other contracting states to the Agreement on the European Economic Area. Only in exceptional cases will the full IP address be transmitted to a Google server in the USA and anonymised there. On behalf of the operator of this website, Google will use this information for the purpose of evaluating your use of the website, compiling reports on website activity and providing other services relating to website activity and internet usage to the website operator. The IP address transmitted by your browser as part of Google Analytics will not be merged with other Google data.<\/p>\n\n\n\n<p>1. Liability for contents<br><br>As a service provider, we are responsible for our own content on these pages in accordance with general legislation pursuant to Section 7 (1) of the German Telemedia Act (TMG). However, according to \u00a7\u00a7 8 to 10 TMG, we are not obliged as a service provider to monitor transmitted or stored third-party information or to investigate circumstances that indicate illegal activity. Obligations to remove or block the use of information in accordance with general laws remain unaffected by this. However, liability in this regard is only possible from the point in time at which a concrete infringement of the law becomes known. If we become aware of any such infringements, we will remove the relevant content immediately.<br><br>2. Liability for links<br><br>This website contains links to external websites of third parties, the content of which cannot be influenced. Therefore, no liability can be assumed for these external contents. The respective provider or operator of the pages is always responsible for the content of the linked pages. The linked pages were checked for possible legal violations at the time of linking. Illegal contents were not recognisable at the time of linking. However, permanent monitoring of the content of the linked pages is not reasonable without concrete indications of a legal violation. If we become aware of any infringements, we will immediately remove any such links from this website to the infringing site.<br><br>3. Copyright<br><br>The contents and works on these pages created by the service providers, their employees and commissioned third parties are subject to German copyright law. Duplication, processing, distribution and any kind of exploitation outside the limits of copyright require the prior written consent of the respective author or creator. Downloads and copies of this site are only permitted for private, non-commercial use. Insofar as the content on this site was not created by the operator, the copyrights of third parties are respected. In particular, third-party content is marked as such. Should you nevertheless become aware of a copyright infringement, please inform us accordingly. If we become aware of any infringements, such content will be removed immediately.<br><\/p>\n","protected":false},"excerpt":{"rendered":"<p>Verantwortlich f\u00fcr den Inhalt nach \u00a7 55 Abs. 2 RStV:&nbsp; Young-Soo ChangFreiberuflicher Filmemacher\/KameramannGysenbergstr. 2544627 Herne mail@kyopoimages.deUst ID: DE216165181 Disclaimer &#8211; rechtliche Hinweise Auskunfts- und Widerrufsrecht Sie haben jederzeit das Recht, sich unentgeltlich und unverz\u00fcglich \u00fcber die zu Ihrer Person erhobenen Daten zu erkundigen. Ebenfalls k\u00f6nnen Sie Ihre Zustimmung zur Verwendung Ihrer angegebenen pers\u00f6nlichen Daten mit&hellip;&nbsp;<a href=\"https:\/\/kyopoimages.de\/?page_id=112\" rel=\"bookmark\">Read More &raquo;<span class=\"screen-reader-text\">Contact<\/span><\/a><\/p>\n","protected":false},"author":1,"featured_media":0,"parent":0,"menu_order":0,"comment_status":"closed","ping_status":"closed","template":"","meta":{"neve_meta_sidebar":"full-width","neve_meta_container":"","neve_meta_enable_content_width":"on","neve_meta_content_width":100,"neve_meta_title_alignment":"","neve_meta_author_avatar":"","neve_post_elements_order":"","neve_meta_disable_header":"","neve_meta_disable_footer":"","neve_meta_disable_title":"on","_themeisle_gutenberg_block_has_review":false,"footnotes":""},"class_list":["post-112","page","type-page","status-publish","hentry"],"_links":{"self":[{"href":"https:\/\/kyopoimages.de\/index.php?rest_route=\/wp\/v2\/pages\/112","targetHints":{"allow":["GET"]}}],"collection":[{"href":"https:\/\/kyopoimages.de\/index.php?rest_route=\/wp\/v2\/pages"}],"about":[{"href":"https:\/\/kyopoimages.de\/index.php?rest_route=\/wp\/v2\/types\/page"}],"author":[{"embeddable":true,"href":"https:\/\/kyopoimages.de\/index.php?rest_route=\/wp\/v2\/users\/1"}],"replies":[{"embeddable":true,"href":"https:\/\/kyopoimages.de\/index.php?rest_route=%2Fwp%2Fv2%2Fcomments&post=112"}],"version-history":[{"count":3,"href":"https:\/\/kyopoimages.de\/index.php?rest_route=\/wp\/v2\/pages\/112\/revisions"}],"predecessor-version":[{"id":1058,"href":"https:\/\/kyopoimages.de\/index.php?rest_route=\/wp\/v2\/pages\/112\/revisions\/1058"}],"wp:attachment":[{"href":"https:\/\/kyopoimages.de\/index.php?rest_route=%2Fwp%2Fv2%2Fmedia&parent=112"}],"curies":[{"name":"wp","href":"https:\/\/api.w.org\/{rel}","templated":true}]}}